{"id":791,"date":"2016-12-27T17:40:54","date_gmt":"2016-12-27T16:40:54","guid":{"rendered":"https:\/\/lenguache.local\/unser-team-aus-lenguarichas-und-lenguaches\/"},"modified":"2025-09-24T07:53:00","modified_gmt":"2025-09-24T06:53:00","slug":"team","status":"publish","type":"page","link":"https:\/\/lenguache.com\/de\/team\/","title":{"rendered":"Unser Team aus \u2039Lenguarichas\u203a und \u2039Lenguaches\u203a"},"content":{"rendered":"<h2>Unser Team aus \u2039Lenguarichas\u203a und \u2039Lenguaches\u203a<\/h2>\n\n<div class=\"wp-block-media-text is-stacked-on-mobile is-vertically-aligned-top is-image-fill-element equipo-perfil\" style=\"grid-template-columns:30% auto\"><figure class=\"wp-block-media-text__media\"><img loading=\"lazy\" decoding=\"async\" width=\"960\" height=\"960\" src=\"https:\/\/lenguache.com\/files\/perfil-lorena.jpg\" alt=\"\" class=\"wp-image-454 size-full\" style=\"object-position:63% 100%\" srcset=\"https:\/\/lenguache.com\/files\/perfil-lorena.jpg 960w, https:\/\/lenguache.com\/files\/perfil-lorena-150x150.jpg 150w, https:\/\/lenguache.com\/files\/perfil-lorena-300x300.jpg 300w, https:\/\/lenguache.com\/files\/perfil-lorena-768x768.jpg 768w\" sizes=\"auto, (max-width: 709px) 85vw, (max-width: 909px) 67vw, (max-width: 1362px) 62vw, 840px\" \/><\/figure><div class=\"wp-block-media-text__content\">\n<p>Sprachen begeistern mich, weil sie es mir erm\u00f6glichen, die Weltanschauung verschiedener Kulturen zu verstehen. Ich liebe Kunst im Allgemeinen und habe mich auf die Fotografie spezialisiert. Ich mag es, die Natur zu fotografieren, w\u00e4hrend ich die Landschaft auf meinen h\u00e4ufigen Wanderungen geniesse. <br\/><br\/>Lorena<br\/>Lehrerin \/ Lenguache Bogot\u00e1<\/p>\n<\/div><\/div>\n\n<div class=\"wp-block-media-text is-stacked-on-mobile is-vertically-aligned-top is-image-fill-element equipo-perfil\" style=\"grid-template-columns:30% auto\"><figure class=\"wp-block-media-text__media\"><img loading=\"lazy\" decoding=\"async\" width=\"500\" height=\"498\" src=\"https:\/\/lenguache.com\/files\/perfil-juliana.jpg\" alt=\"\" class=\"wp-image-456 size-full\" style=\"object-position:33% 25%\" srcset=\"https:\/\/lenguache.com\/files\/perfil-juliana.jpg 500w, https:\/\/lenguache.com\/files\/perfil-juliana-150x150.jpg 150w, https:\/\/lenguache.com\/files\/perfil-juliana-300x300.jpg 300w\" sizes=\"auto, (max-width: 500px) 85vw, 500px\" \/><\/figure><div class=\"wp-block-media-text__content\">\n<p>Seit \u00fcber 10 Jahren bin ich Sprachlehrerin und geniesse die Interaktion zwischen Sprachlernenden und Lehrpersonen noch genauso wie am Anfang meiner Lehrt\u00e4tigkeit. Da ich Musik liebe, versuche ich, sie in den Unterricht einzubeziehen. <br\/><br\/>Juliana<br\/>Lehrerin \/ Lenguache Bogot\u00e1<\/p>\n<\/div><\/div>\n\n<div class=\"wp-block-media-text is-stacked-on-mobile is-image-fill-element equipo-perfil\" style=\"grid-template-columns:30% auto\"><figure class=\"wp-block-media-text__media\"><img loading=\"lazy\" decoding=\"async\" width=\"1024\" height=\"1024\" src=\"https:\/\/lenguache.com\/files\/perfil-angela-1024x1024.jpg\" alt=\"\" class=\"wp-image-460 size-full\" style=\"object-position:54% 76%\" srcset=\"https:\/\/lenguache.com\/files\/perfil-angela-1024x1024.jpg 1024w, https:\/\/lenguache.com\/files\/perfil-angela-150x150.jpg 150w, https:\/\/lenguache.com\/files\/perfil-angela-300x300.jpg 300w, https:\/\/lenguache.com\/files\/perfil-angela-768x768.jpg 768w, https:\/\/lenguache.com\/files\/perfil-angela-1200x1200.jpg 1200w\" sizes=\"auto, (max-width: 709px) 85vw, (max-width: 909px) 67vw, (max-width: 1362px) 62vw, 840px\" \/><\/figure><div class=\"wp-block-media-text__content\">\n<p>Ich mag die Natur, Geschichten und Bewegung. Ich liebe meine Arbeit, weil ich mich meinen Interessen im Bereich Kommunikation widmen und mit Menschen aus aller Welt in Kontakt treten kann, um jeden Tag etwas Neues zu lernen. Mit Stolz leiste ich meinen Beitrag zur Vermittlung der spanischen Sprache mit dem Ziel interkulturelle Br\u00fccken zu schlagen. <br\/><br\/>Angela<br\/>Lehrerin \/ Lenguache Zug<\/p>\n<\/div><\/div>\n\n<div class=\"wp-block-media-text is-stacked-on-mobile is-image-fill-element equipo-perfil\" style=\"grid-template-columns:30% auto\"><figure class=\"wp-block-media-text__media\"><img loading=\"lazy\" decoding=\"async\" width=\"960\" height=\"960\" src=\"https:\/\/lenguache.com\/files\/perfil-angelica.jpg\" alt=\"\" class=\"wp-image-458 size-full\" style=\"object-position:63% 39%\" srcset=\"https:\/\/lenguache.com\/files\/perfil-angelica.jpg 960w, https:\/\/lenguache.com\/files\/perfil-angelica-150x150.jpg 150w, https:\/\/lenguache.com\/files\/perfil-angelica-300x300.jpg 300w, https:\/\/lenguache.com\/files\/perfil-angelica-768x768.jpg 768w\" sizes=\"auto, (max-width: 709px) 85vw, (max-width: 909px) 67vw, (max-width: 1362px) 62vw, 840px\" \/><\/figure><div class=\"wp-block-media-text__content\">\n<p>Mein Interesse f\u00fcr Sprachen reicht bis in die Schulzeit zur\u00fcck; schon damals war mir klar, dass ich an der Universit\u00e4t Geisteswissenschaften studieren wollte. Ich bin eine ruhige Frau, die sich ihrer Arbeit verpflichtet f\u00fchlt und die Natur liebt, vor allem den Tieren. Ich mag Kunsthandwerk, entwerfe und fertige in meiner Freizeit Schmuck aus verschiedenen Materialien. Ich mag auch die Malerei und gute Musik, was f\u00fcr mich Rockmusik ist. <br\/><br\/>Ang\u00e9lica<br\/>Lehrerin \/ Sprache Bogot\u00e1<\/p>\n<\/div><\/div>\n","protected":false},"excerpt":{"rendered":"<p>Unser Team aus \u2039Lenguarichas\u203a und \u2039Lenguaches\u203a Sprachen begeistern mich, weil sie es mir erm\u00f6glichen, die Weltanschauung verschiedener Kulturen zu verstehen. Ich liebe Kunst im Allgemeinen und habe mich auf die &hellip; <a href=\"https:\/\/lenguache.com\/de\/team\/\" class=\"more-link\"><span class=\"screen-reader-text\">\u201eUnser Team aus \u2039Lenguarichas\u203a und \u2039Lenguaches\u203a\u201c <\/span>weiterlesen<\/a><\/p>\n","protected":false},"author":1,"featured_media":0,"parent":0,"menu_order":0,"comment_status":"closed","ping_status":"closed","template":"","meta":{"footnotes":""},"class_list":["post-791","page","type-page","status-publish","hentry"],"yoast_head":"<!-- This site is optimized with the Yoast SEO Premium plugin v25.8 (Yoast SEO v27.5) - https:\/\/yoast.com\/product\/yoast-seo-premium-wordpress\/ -->\n<title>Team - Lenguache \u00a1Habla espa\u00f1ol!<\/title>\n<meta name=\"robots\" content=\"index, follow, max-snippet:-1, max-image-preview:large, max-video-preview:-1\" \/>\n<link rel=\"canonical\" href=\"https:\/\/lenguache.com\/de\/team\/\" \/>\n<meta property=\"og:locale\" content=\"de_DE\" \/>\n<meta property=\"og:type\" content=\"article\" \/>\n<meta property=\"og:title\" content=\"Unser Team aus \u2039Lenguarichas\u203a und \u2039Lenguaches\u203a\" \/>\n<meta property=\"og:description\" content=\"Unser Team aus \u2039Lenguarichas\u203a und \u2039Lenguaches\u203a Sprachen begeistern mich, weil sie es mir erm\u00f6glichen, die Weltanschauung verschiedener Kulturen zu verstehen. Ich liebe Kunst im Allgemeinen und habe mich auf die &hellip; \u201eUnser Team aus \u2039Lenguarichas\u203a und \u2039Lenguaches\u203a\u201c weiterlesen\" \/>\n<meta property=\"og:url\" content=\"https:\/\/lenguache.com\/de\/team\/\" \/>\n<meta property=\"og:site_name\" content=\"Lenguache \u00a1Habla espa\u00f1ol!\" \/>\n<meta property=\"article:publisher\" content=\"https:\/\/www.facebook.com\/lenguache\/\" \/>\n<meta property=\"article:modified_time\" content=\"2025-09-24T06:53:00+00:00\" \/>\n<meta property=\"og:image\" content=\"https:\/\/lenguache.com\/files\/perfil-lorena.jpg\" \/>\n<meta name=\"twitter:card\" content=\"summary_large_image\" \/>\n<meta name=\"twitter:label1\" content=\"Gesch\u00e4tzte Lesezeit\" \/>\n\t<meta name=\"twitter:data1\" content=\"1\u00a0Minute\" \/>\n<script type=\"application\/ld+json\" class=\"yoast-schema-graph\">{\"@context\":\"https:\\\/\\\/schema.org\",\"@graph\":[{\"@type\":\"WebPage\",\"@id\":\"https:\\\/\\\/lenguache.com\\\/de\\\/team\\\/\",\"url\":\"https:\\\/\\\/lenguache.com\\\/de\\\/team\\\/\",\"name\":\"Team - Lenguache \u00a1Habla espa\u00f1ol!\",\"isPartOf\":{\"@id\":\"https:\\\/\\\/lenguache.com\\\/de\\\/#website\"},\"primaryImageOfPage\":{\"@id\":\"https:\\\/\\\/lenguache.com\\\/de\\\/team\\\/#primaryimage\"},\"image\":{\"@id\":\"https:\\\/\\\/lenguache.com\\\/de\\\/team\\\/#primaryimage\"},\"thumbnailUrl\":\"https:\\\/\\\/lenguache.com\\\/files\\\/perfil-lorena.jpg\",\"datePublished\":\"2016-12-27T16:40:54+00:00\",\"dateModified\":\"2025-09-24T06:53:00+00:00\",\"breadcrumb\":{\"@id\":\"https:\\\/\\\/lenguache.com\\\/de\\\/team\\\/#breadcrumb\"},\"inLanguage\":\"de\",\"potentialAction\":[{\"@type\":\"ReadAction\",\"target\":[\"https:\\\/\\\/lenguache.com\\\/de\\\/team\\\/\"]}]},{\"@type\":\"ImageObject\",\"inLanguage\":\"de\",\"@id\":\"https:\\\/\\\/lenguache.com\\\/de\\\/team\\\/#primaryimage\",\"url\":\"https:\\\/\\\/lenguache.com\\\/files\\\/perfil-lorena.jpg\",\"contentUrl\":\"https:\\\/\\\/lenguache.com\\\/files\\\/perfil-lorena.jpg\"},{\"@type\":\"BreadcrumbList\",\"@id\":\"https:\\\/\\\/lenguache.com\\\/de\\\/team\\\/#breadcrumb\",\"itemListElement\":[{\"@type\":\"ListItem\",\"position\":1,\"name\":\"Home\",\"item\":\"https:\\\/\\\/lenguache.com\\\/de\\\/\"},{\"@type\":\"ListItem\",\"position\":2,\"name\":\"Unser Team aus \u2039Lenguarichas\u203a und \u2039Lenguaches\u203a\"}]},{\"@type\":\"WebSite\",\"@id\":\"https:\\\/\\\/lenguache.com\\\/de\\\/#website\",\"url\":\"https:\\\/\\\/lenguache.com\\\/de\\\/\",\"name\":\"Lenguache \u00a1Habla espa\u00f1ol!\",\"description\":\"Escuela de idiomas\",\"publisher\":{\"@id\":\"https:\\\/\\\/lenguache.com\\\/de\\\/#organization\"},\"potentialAction\":[{\"@type\":\"SearchAction\",\"target\":{\"@type\":\"EntryPoint\",\"urlTemplate\":\"https:\\\/\\\/lenguache.com\\\/de\\\/?s={search_term_string}\"},\"query-input\":{\"@type\":\"PropertyValueSpecification\",\"valueRequired\":true,\"valueName\":\"search_term_string\"}}],\"inLanguage\":\"de\"},{\"@type\":[\"Organization\",\"Place\"],\"@id\":\"https:\\\/\\\/lenguache.com\\\/de\\\/#organization\",\"name\":\"Lenguache \u00a1Habla Espa\u00f1ol!\",\"alternateName\":\"Lenguache\",\"url\":\"https:\\\/\\\/lenguache.com\\\/de\\\/\",\"logo\":{\"@type\":\"ImageObject\",\"inLanguage\":\"de\",\"@id\":\"https:\\\/\\\/lenguache.com\\\/de\\\/#\\\/schema\\\/logo\\\/image\\\/\",\"url\":\"https:\\\/\\\/lenguache.com\\\/files\\\/cropped-lenguache-logo.png\",\"contentUrl\":\"https:\\\/\\\/lenguache.com\\\/files\\\/cropped-lenguache-logo.png\",\"width\":240,\"height\":89,\"caption\":\"Lenguache \u00a1Habla Espa\u00f1ol!\"},\"image\":{\"@id\":\"https:\\\/\\\/lenguache.com\\\/de\\\/#\\\/schema\\\/logo\\\/image\\\/\"},\"sameAs\":[\"https:\\\/\\\/www.facebook.com\\\/lenguache\\\/\"],\"mainEntityOfPage\":{\"@id\":\"https:\\\/\\\/lenguache.com\\\/de\\\/team\\\/\"}}]}<\/script>\n<!-- \/ Yoast SEO Premium plugin. -->","yoast_head_json":{"title":"Team - Lenguache \u00a1Habla espa\u00f1ol!","robots":{"index":"index","follow":"follow","max-snippet":"max-snippet:-1","max-image-preview":"max-image-preview:large","max-video-preview":"max-video-preview:-1"},"canonical":"https:\/\/lenguache.com\/de\/team\/","og_locale":"de_DE","og_type":"article","og_title":"Unser Team aus \u2039Lenguarichas\u203a und \u2039Lenguaches\u203a","og_description":"Unser Team aus \u2039Lenguarichas\u203a und \u2039Lenguaches\u203a Sprachen begeistern mich, weil sie es mir erm\u00f6glichen, die Weltanschauung verschiedener Kulturen zu verstehen. Ich liebe Kunst im Allgemeinen und habe mich auf die &hellip; \u201eUnser Team aus \u2039Lenguarichas\u203a und \u2039Lenguaches\u203a\u201c weiterlesen","og_url":"https:\/\/lenguache.com\/de\/team\/","og_site_name":"Lenguache \u00a1Habla espa\u00f1ol!","article_publisher":"https:\/\/www.facebook.com\/lenguache\/","article_modified_time":"2025-09-24T06:53:00+00:00","og_image":[{"url":"https:\/\/lenguache.com\/files\/perfil-lorena.jpg","type":"","width":"","height":""}],"twitter_card":"summary_large_image","twitter_misc":{"Gesch\u00e4tzte Lesezeit":"1\u00a0Minute"},"schema":{"@context":"https:\/\/schema.org","@graph":[{"@type":"WebPage","@id":"https:\/\/lenguache.com\/de\/team\/","url":"https:\/\/lenguache.com\/de\/team\/","name":"Team - Lenguache \u00a1Habla espa\u00f1ol!","isPartOf":{"@id":"https:\/\/lenguache.com\/de\/#website"},"primaryImageOfPage":{"@id":"https:\/\/lenguache.com\/de\/team\/#primaryimage"},"image":{"@id":"https:\/\/lenguache.com\/de\/team\/#primaryimage"},"thumbnailUrl":"https:\/\/lenguache.com\/files\/perfil-lorena.jpg","datePublished":"2016-12-27T16:40:54+00:00","dateModified":"2025-09-24T06:53:00+00:00","breadcrumb":{"@id":"https:\/\/lenguache.com\/de\/team\/#breadcrumb"},"inLanguage":"de","potentialAction":[{"@type":"ReadAction","target":["https:\/\/lenguache.com\/de\/team\/"]}]},{"@type":"ImageObject","inLanguage":"de","@id":"https:\/\/lenguache.com\/de\/team\/#primaryimage","url":"https:\/\/lenguache.com\/files\/perfil-lorena.jpg","contentUrl":"https:\/\/lenguache.com\/files\/perfil-lorena.jpg"},{"@type":"BreadcrumbList","@id":"https:\/\/lenguache.com\/de\/team\/#breadcrumb","itemListElement":[{"@type":"ListItem","position":1,"name":"Home","item":"https:\/\/lenguache.com\/de\/"},{"@type":"ListItem","position":2,"name":"Unser Team aus \u2039Lenguarichas\u203a und \u2039Lenguaches\u203a"}]},{"@type":"WebSite","@id":"https:\/\/lenguache.com\/de\/#website","url":"https:\/\/lenguache.com\/de\/","name":"Lenguache \u00a1Habla espa\u00f1ol!","description":"Escuela de idiomas","publisher":{"@id":"https:\/\/lenguache.com\/de\/#organization"},"potentialAction":[{"@type":"SearchAction","target":{"@type":"EntryPoint","urlTemplate":"https:\/\/lenguache.com\/de\/?s={search_term_string}"},"query-input":{"@type":"PropertyValueSpecification","valueRequired":true,"valueName":"search_term_string"}}],"inLanguage":"de"},{"@type":["Organization","Place"],"@id":"https:\/\/lenguache.com\/de\/#organization","name":"Lenguache \u00a1Habla Espa\u00f1ol!","alternateName":"Lenguache","url":"https:\/\/lenguache.com\/de\/","logo":{"@type":"ImageObject","inLanguage":"de","@id":"https:\/\/lenguache.com\/de\/#\/schema\/logo\/image\/","url":"https:\/\/lenguache.com\/files\/cropped-lenguache-logo.png","contentUrl":"https:\/\/lenguache.com\/files\/cropped-lenguache-logo.png","width":240,"height":89,"caption":"Lenguache \u00a1Habla Espa\u00f1ol!"},"image":{"@id":"https:\/\/lenguache.com\/de\/#\/schema\/logo\/image\/"},"sameAs":["https:\/\/www.facebook.com\/lenguache\/"],"mainEntityOfPage":{"@id":"https:\/\/lenguache.com\/de\/team\/"}}]}},"_links":{"self":[{"href":"https:\/\/lenguache.com\/de\/wp-json\/wp\/v2\/pages\/791","targetHints":{"allow":["GET"]}}],"collection":[{"href":"https:\/\/lenguache.com\/de\/wp-json\/wp\/v2\/pages"}],"about":[{"href":"https:\/\/lenguache.com\/de\/wp-json\/wp\/v2\/types\/page"}],"author":[{"embeddable":true,"href":"https:\/\/lenguache.com\/de\/wp-json\/wp\/v2\/users\/1"}],"replies":[{"embeddable":true,"href":"https:\/\/lenguache.com\/de\/wp-json\/wp\/v2\/comments?post=791"}],"version-history":[{"count":2,"href":"https:\/\/lenguache.com\/de\/wp-json\/wp\/v2\/pages\/791\/revisions"}],"predecessor-version":[{"id":894,"href":"https:\/\/lenguache.com\/de\/wp-json\/wp\/v2\/pages\/791\/revisions\/894"}],"wp:attachment":[{"href":"https:\/\/lenguache.com\/de\/wp-json\/wp\/v2\/media?parent=791"}],"curies":[{"name":"wp","href":"https:\/\/api.w.org\/{rel}","templated":true}]}}